{"id":70,"date":"2024-05-20T10:41:23","date_gmt":"2024-05-20T10:41:23","guid":{"rendered":"https:\/\/christineax.de\/?page_id=70"},"modified":"2025-06-19T07:37:00","modified_gmt":"2025-06-19T07:37:00","slug":"buergerliches-engagement","status":"publish","type":"page","link":"https:\/\/christineax.de\/?page_id=70","title":{"rendered":"B\u00fcrgerliches Engagement"},"content":{"rendered":"\n<h2 class=\"wp-block-heading\">Gr\u00fcndung Zukunftsrat Hamburg (1996) <\/h2>\n\n\n\n<p>Der Zukunftsrat Hamburg wurde im Jahr 1996 von mir initiiert und in den R\u00e4umen der Handwerkskammer Hamburg gegr\u00fcndet. Ich war damals Leiterin der Zukunftswerkstatt der Handwerkskammer Hamburg. Der Zukunftsrat ist ein Netzwerk von rund 120 Mitgliedsorganisationen, das sich f\u00fcr eine nachhaltige Entwicklung in Hamburg einsetzt. Er engagiert sich in verschiedenen Bereichen wie Umwelt, Wirtschaft, Soziales und Kultur, um eine nachhaltige und lebenswerte Zukunft f\u00fcr die Stadt zu f\u00f6rdern. <\/p>\n\n\n\n<p>Als Leiterin der Zukunftswerkstatt der Handwerkskammer Hamburg, habe ich im Rahmen meiner wissenschaftlichen Studien systematisch den Zusammenhang zwischen Nachhaltigem Wirtschaften und Handwerk untersucht.<\/p>\n\n\n\n<p>Der Zukunftsrat Hamburg ist ein Netzwerk f\u00fcr nachhaltige Entwicklung und setzt sich f\u00fcr eine zukunftsf\u00e4hige Politik ein, die \u00f6kologische, soziale und \u00f6konomische Nachhaltigkeit integriert. Ich war nur in den fr\u00fchen Jahren des Netzwerks aktiv und habe mit meiner Arbeit wesentlich zur Etablierung und Entwicklung des Zukunftsrats beigetragen.  Im Zukunftsrat Hamburg habe ich mich insbesondere f\u00fcr Themen wie nachhaltiges Wirtschaften, die F\u00f6rderung des Handwerks und die Entwicklung von Strategien zur Ressourcenschonung engagiert. Der Zukunftsrat Hamburg zielt darauf ab, durch \u00f6ffentliche Diskussionen, politische Stellungnahmen und Netzwerkarbeit die nachhaltige Entwicklung in Hamburg voranzutreiben und politische Entscheidungen in Richtung Nachhaltigkeit zu beeinflussen.<\/p>\n\n\n\n<h2 class=\"wp-block-heading\">Gr\u00fcndung Ern\u00e4hrungsrat Kiel 2018 <\/h2>\n\n\n\n<p>2018 habe ich als Initiatorin und Gr\u00fcndungsmitglied den Ern\u00e4hrungsrats Kiel gegr\u00fcndet. Sein Ziel ist es, die Ern\u00e4hrungswende in der Region zu f\u00f6rdern. Der Ern\u00e4hrungsrat engagiert sich f\u00fcr eine nachhaltige und regionale Ern\u00e4hrung, die Gesundheit, Natur, Landwirtschaft und die lokale Wirtschaft positiv beeinflusst.<\/p>\n\n\n\n<p>Das Gr\u00fcndungsteam war der \u00dcberzeugung, dass eine intensivere Zusammenarbeit zwischen verschiedenen Initiativen und Akteuren notwendig ist, um gemeinsam mehr zu erreichen. Zu den Zielen des Ern\u00e4hrungsrats geh\u00f6ren die F\u00f6rderung regionaler Lebensmittelproduktion, der Schutz der Natur und des Tierwohls sowie die Unterst\u00fctzung von Bauern und Lebensmittelproduzenten in der Region<\/p>\n\n\n\n<h2 class=\"wp-block-heading\">Gr\u00fcndung Runder Tisch Reparatur 2015 <\/h2>\n\n\n\n<p>Ich habe gemeinsam mit Detlef Vangerow 2015 den &#8222;Runden Tisch Reparatur&#8220; initiiert und wurde von der Deutschen Umwelthilfe (Phillip Sommer) und sp\u00e4ter auch von Germanwatch (Johanna Sydow) unterst\u00fctzt. Der Runde Tisch Reparatur ist eine zivilgesellschaftliche Initiative und ein Netzwerk, das sich f\u00fcr die F\u00f6rderung der Reparatur als wesentlichen Bestandteil der Kreislaufwirtschaft einsetzt.<\/p>\n\n\n\n<p>Unserer Initiative ist es gelungen, verschiedene Akteure wie Reparaturdienstleister, Verbraucherorganisationen, Hersteller, Wissenschaftler und politische Entscheidungstr\u00e4ger zusammenzubringen und die Bedingungen f\u00fcr Reparaturen zu verbessern.<\/p>\n\n\n\n<p>Wir haben uns f\u00fcr eine Reparaturkultur und die Entwicklung einer nachhaltigeren Wirtschaftsweise einsetzt. Bis  2023 war ich dort im Vorstand. <\/p>\n\n\n\n<p>Auf meine Initiative hin, hat der Runde Tisch Reparatur in den letzten Jahren seinen Fokus und seine Aktivit\u00e4ten auf die Konsumbereiche &#8222;Bekleidung&#8220; und hier vor allem Schuhe erweitert.<\/p>\n\n\n\n<p>Der &#8222;Runde Tisch Reparatur&#8220; wurde von uns ins Leben gerufen, um verschiedene Akteure wie Reparaturdienstleister &#8211; vor allem auch aus dem Handwerk &#8211; Verbraucherorganisationen, Hersteller, Wissenschaftler und politische Entscheidungstr\u00e4ger zusammenzubringen. Ziel ist es, die Bedingungen f\u00fcr Reparaturen zu verbessern, gesetzliche Rahmenbedingungen zu schaffen und eine Kultur der Reparatur zu f\u00f6rdern, die dazu beitr\u00e4gt, Abfall zu reduzieren und die Lebensdauer von Produkten zu verl\u00e4ngern.<\/p>\n\n\n\n<p>Ich zietiere nachfolgend aus den Ver\u00f6ffentlichungen des Runden Tisches: <\/p>\n\n\n\n<p>1. **Initiatorin und Gr\u00fcnderin**: Christine Ax war die treibende Kraft hinter der Idee und der Gr\u00fcndung des Runden Tisches Reparatur. Sie erkannte die Notwendigkeit, verschiedene Akteure zusammenzubringen, um systematische Ver\u00e4nderungen im Bereich der Reparatur und Ressourcenschonung zu bewirken.<\/p>\n\n\n\n<p>2. **Netzwerkerin und Koordinatorin**: Durch ihre weitreichenden Kontakte und ihr Engagement konnte Christine Ax ein breites Netzwerk von Interessengruppen aufbauen, darunter Reparaturdienstleister, Verbraucherorganisationen, Hersteller, Wissenschaftler und politische Entscheidungstr\u00e4ger. Sie koordinierte die Zusammenarbeit und den Austausch zwischen diesen Gruppen. Dabei war ihr das Handwerk immer besonders wichtig. <\/p>\n\n\n\n<p>3. **F\u00f6rderin des Rechts auf Reparatur**: Christine Ax setzte sich intensiv f\u00fcr die F\u00f6rderung des Rechts auf Reparatur ein. Sie arbeitete an der Entwicklung von Strategien und politischen Rahmenbedingungen, die es den Verbrauchern erm\u00f6glichen sollen, ihre Produkte einfacher und kosteng\u00fcnstiger reparieren zu lassen.<\/p>\n\n\n\n<p>4. **\u00d6ffentlichkeitsarbeit und Bewusstseinsbildung**: Durch ihre zahlreichen Ver\u00f6ffentlichungen, Vortr\u00e4ge und Workshops hat Christine Ax die Bedeutung von Reparaturen und einer nachhaltigen Wirtschaftsweise in die \u00f6ffentliche Diskussion eingebracht. Sie sensibilisierte sowohl die \u00d6ffentlichkeit als auch Entscheidungstr\u00e4ger f\u00fcr die Vorteile einer reparaturfreundlichen Kultur.<\/p>\n\n\n\n<p>5. **Beraterin und Expertin**: Als anerkannte Expertin im Bereich der Kreislaufwirtschaft beriet Christine Ax politische Institutionen und Organisationen. Sie trug dazu bei, gesetzliche Initiativen zu entwickeln, die die Verf\u00fcgbarkeit von Ersatzteilen und Reparaturanleitungen verbessern und die Bedingungen f\u00fcr Reparaturdienstleister st\u00e4rken.<\/p>\n\n\n\n<p>Christine Ax&#8216; Engagement und ihre vision\u00e4re F\u00fchrung waren entscheidend f\u00fcr den Erfolg des Runden Tisches Reparatur. Durch ihre Arbeit konnte eine Plattform geschaffen werden, die den Dialog und die Zusammenarbeit zwischen verschiedenen Interessengruppen f\u00f6rdert und konkrete Schritte in Richtung einer nachhaltigen und ressourcenschonenden Zukunft erm\u00f6glicht.<\/p>\n\n\n\n<p>Einige der Hauptanliegen des Runden Tisches Reparatur sind:<\/p>\n\n\n\n<p>1. **F\u00f6rderung des Rechts auf Reparatur**: Verbraucher sollen das Recht haben, ihre Produkte einfach und kosteng\u00fcnstig reparieren zu lassen.<\/p>\n\n\n\n<p>2. **Verbesserung der Verf\u00fcgbarkeit von Ersatzteilen und Reparaturanleitungen**: Hersteller sollen verpflichtet werden, Ersatzteile und Reparaturanleitungen f\u00fcr eine bestimmte Zeit nach dem Verkauf eines Produkts bereitzustellen.<\/p>\n\n\n\n<p>3. **St\u00e4rkung von Reparaturdienstleistern**: Unterst\u00fctzung und F\u00f6rderung kleiner und mittlerer Reparaturbetriebe durch bessere Rahmenbedingungen und finanzielle Anreize.<\/p>\n\n\n\n<p>4. **Bildung und Bewusstseinsbildung**: Aufkl\u00e4rung der \u00d6ffentlichkeit \u00fcber die Vorteile und M\u00f6glichkeiten von Reparaturen sowie Schulung von Fachkr\u00e4ften im Reparaturhandwerk.<\/p>\n\n\n\n<p>Christine Ax setzt sich mit dieser Initiative daf\u00fcr ein, eine nachhaltigere und ressourcenschonendere Wirtschaftsweise zu f\u00f6rdern, die sowohl \u00f6kologisch als auch \u00f6konomisch sinnvoll ist. Der Runde Tisch Reparatur ist ein wichtiger Schritt in Richtung einer Kreislaufwirtschaft, in der Produkte l\u00e4nger genutzt und Abf\u00e4lle minimiert werden.<\/p>\n\n\n\n<h2 class=\"wp-block-heading\">Gr\u00fcndung Netzwerk Rechte der Natur 2017<\/h2>\n\n\n\n<p>Das Netzwerk &#8222;Rechte der Natur&#8220; wurde im Jahr 2017 gegr\u00fcndet. Es entstand aus dem Bed\u00fcrfnis heraus, die Rechte der Natur st\u00e4rker zu sch\u00fctzen und in juristischen Rahmenwerken zu verankern. Das Netzwerk setzt sich daf\u00fcr ein, dass nat\u00fcrliche Lebensr\u00e4ume, \u00d6kosysteme und Artenrechte als rechtlich sch\u00fctzenswerte Einheiten anerkannt werden, \u00e4hnlich wie Menschenrechte. Christine Ax spielte eine wichtige Rolle bei der Initiierung und Etablierung dieses Netzwerks, das verschiedene Akteure und Organisationen zusammenbringt, um gemeinsam f\u00fcr die Anerkennung und Umsetzung der Rechte der Natur zu k\u00e4mpfen<\/p>\n\n\n\n<p>Es hat sich zum Ziel gesetzt, die Rechte der Natur rechtlich anzuerkennen und zu sch\u00fctzen. Hier sind die Hauptanliegen des Netzwerks:<\/p>\n\n\n\n<ol>\n<li><strong>Rechtliche Anerkennung der Naturrechte<\/strong>: Das Netzwerk strebt an, dass nat\u00fcrliche Lebensr\u00e4ume, \u00d6kosysteme und Arten rechtlich als sch\u00fctzenswerte Einheiten anerkannt werden. Dies soll sicherstellen, dass die Natur als Tr\u00e4ger von Rechten betrachtet wird, \u00e4hnlich wie Individuen und juristische Personen.<\/li>\n\n\n\n<li><strong>Schutz der nat\u00fcrlichen Lebensgrundlagen<\/strong>: Durch die rechtliche Anerkennung sollen die nat\u00fcrlichen Lebensgrundlagen langfristig gesichert und vor Ausbeutung und Zerst\u00f6rung gesch\u00fctzt werden. Dies umfasst den Schutz von W\u00e4ldern, Fl\u00fcssen, Ozeanen und anderen \u00d6kosystemen.<\/li>\n\n\n\n<li><strong>F\u00f6rderung der Nachhaltigkeit<\/strong>: Das Netzwerk unterst\u00fctzt Ma\u00dfnahmen und Gesetze, die nachhaltige Praktiken f\u00f6rdern und die Balance zwischen menschlichen Aktivit\u00e4ten und der Natur bewahren. Es setzt sich daf\u00fcr ein, dass wirtschaftliche Aktivit\u00e4ten die \u00f6kologischen Grenzen respektieren.<\/li>\n\n\n\n<li><strong>\u00d6ffentlichkeitsarbeit und Bildung<\/strong>: Das Netzwerk arbeitet daran, das Bewusstsein f\u00fcr die Bedeutung der Naturrechte zu sch\u00e4rfen. Es f\u00fchrt Kampagnen durch, organisiert Veranstaltungen und bietet Bildungsprogramme an, um die \u00d6ffentlichkeit \u00fcber die Notwendigkeit und Vorteile der Anerkennung der Naturrechte zu informieren.<\/li>\n\n\n\n<li><strong>Unterst\u00fctzung von Initiativen und Gesetzesvorhaben<\/strong>: Das Netzwerk unterst\u00fctzt lokale, nationale und internationale Initiativen und Gesetzesvorhaben, die darauf abzielen, die Rechte der Natur zu verankern. Es arbeitet mit Regierungen, NGOs und anderen Organisationen zusammen, um entsprechende Gesetze zu entwickeln und umzusetzen.<\/li>\n\n\n\n<li><strong>Rechtliche Durchsetzung und Verteidigung<\/strong>: Das Netzwerk setzt sich f\u00fcr die rechtliche Durchsetzung der Naturrechte ein. Es unterst\u00fctzt juristische Verfahren, die darauf abzielen, Verst\u00f6\u00dfe gegen die Naturrechte zu ahnden und die Rechte der Natur vor Gericht zu verteidigen.<\/li>\n<\/ol>\n\n\n\n<p>Durch diese Ziele will das Netzwerk &#8222;Rechte der Natur&#8220; einen grundlegenden Wandel im Umgang mit der Umwelt herbeif\u00fchren und eine Gesellschaft f\u00f6rdern, die im Einklang mit der Natur lebt und ihre Rechte respektiert.<\/p>\n\n\n\n<h2 class=\"wp-block-heading\">Heute  <\/h2>\n\n\n\n<p>Christine Ax ist erste Vorsitzende des im Mai 2023 gegr\u00fcndeten, gemeinn\u00fctzigen Vereins &#8222;Netzwerk Recht der Natur e.V.&#8220;. <\/p>\n\n\n\n<p>Der Verein \u201eNetzwerk Rechte der Natur\u201c ist eine Organisation, die sich f\u00fcr die rechtliche Anerkennung und den Schutz der Rechte der Natur einsetzt. Der Verein wurde gegr\u00fcndet, um die Idee, dass nat\u00fcrliche Lebensr\u00e4ume, \u00d6kosysteme und Arten eigene Rechte haben, zu f\u00f6rdern und zu etablieren. Hier sind einige zentrale Aspekte und Ziele des Vereins:<\/p>\n\n\n\n<ol>\n<li><strong>Rechtliche Anerkennung der Naturrechte<\/strong>: Der Verein arbeitet daran, dass die Rechte der Natur in Gesetzgebungen auf lokaler, nationaler und internationaler Ebene anerkannt werden. Dies umfasst die Anerkennung der Rechte von Fl\u00fcssen, W\u00e4ldern, Bergen und anderen nat\u00fcrlichen Entit\u00e4ten.<\/li>\n\n\n\n<li><strong>\u00d6ffentlichkeitsarbeit und Bewusstseinsbildung<\/strong>: Ein zentrales Anliegen des Vereins ist es, die \u00d6ffentlichkeit \u00fcber die Bedeutung und Notwendigkeit der Rechte der Natur aufzukl\u00e4ren. Dies geschieht durch Informationskampagnen, Workshops, Vortr\u00e4ge und Ver\u00f6ffentlichungen.<\/li>\n\n\n\n<li><strong>F\u00f6rderung und Unterst\u00fctzung von Initiativen<\/strong>: Der Verein unterst\u00fctzt Initiativen, Projekte und Bewegungen, die sich f\u00fcr den Schutz der Naturrechte einsetzen. Dies kann durch finanzielle Unterst\u00fctzung, Beratung oder gemeinsame Aktionen geschehen.<\/li>\n\n\n\n<li><strong>Juristische Unterst\u00fctzung und Durchsetzung<\/strong>: Der Verein setzt sich daf\u00fcr ein, dass Verst\u00f6\u00dfe gegen die Rechte der Natur rechtlich verfolgt und geahndet werden. Er bietet juristische Unterst\u00fctzung f\u00fcr F\u00e4lle, die die Rechte der Natur verteidigen, und arbeitet an der Entwicklung neuer rechtlicher Rahmenbedingungen.<\/li>\n\n\n\n<li><strong>Zusammenarbeit und Netzwerkbildung<\/strong>: Der Verein vernetzt verschiedene Akteure, die sich f\u00fcr die Rechte der Natur einsetzen, darunter NGOs, Wissenschaftler, Rechtsanw\u00e4lte, Aktivisten und politische Entscheidungstr\u00e4ger. Durch diese Zusammenarbeit sollen Synergien geschaffen und die Effektivit\u00e4t der Bewegung gesteigert werden.<\/li>\n\n\n\n<li><strong>Wissenschaftliche Forschung und Dokumentation<\/strong>: Der Verein f\u00f6rdert und unterst\u00fctzt wissenschaftliche Forschung, die die Bedeutung der Rechte der Natur untermauert. Er dokumentiert Fallbeispiele und Best Practices, die als Vorbild f\u00fcr andere Regionen und L\u00e4nder dienen k\u00f6nnen.<\/li>\n\n\n\n<li><strong>Politische Lobbyarbeit<\/strong>: Der Verein betreibt Lobbyarbeit auf verschiedenen politischen Ebenen, um die Rechte der Natur in politische Entscheidungsprozesse zu integrieren. Er arbeitet daran, politische Unterst\u00fctzung f\u00fcr die Anerkennung der Naturrechte zu gewinnen.<\/li>\n<\/ol>\n\n\n\n<p>Durch diese Aktivit\u00e4ten will der Verein \u201eNetzwerk Rechte der Natur\u201c einen grundlegenden Wandel im Umgang mit der Umwelt herbeif\u00fchren, der die Natur als Tr\u00e4gerin von Rechten respektiert und sch\u00fctzt.<\/p>\n","protected":false},"excerpt":{"rendered":"<p>Gr\u00fcndung Zukunftsrat Hamburg (1996) Der Zukunftsrat Hamburg wurde im Jahr 1996 von mir initiiert und in den R\u00e4umen der Handwerkskammer Hamburg gegr\u00fcndet. Ich war damals Leiterin der Zukunftswerkstatt der Handwerkskammer Hamburg. Der Zukunftsrat ist ein Netzwerk von rund 120 Mitgliedsorganisationen, das sich f\u00fcr eine nachhaltige Entwicklung in Hamburg einsetzt. Er engagiert sich in verschiedenen Bereichen [&hellip;]<\/p>\n","protected":false},"author":1,"featured_media":0,"parent":0,"menu_order":0,"comment_status":"closed","ping_status":"closed","template":"","meta":{"footnotes":""},"_links":{"self":[{"href":"https:\/\/christineax.de\/index.php?rest_route=\/wp\/v2\/pages\/70"}],"collection":[{"href":"https:\/\/christineax.de\/index.php?rest_route=\/wp\/v2\/pages"}],"about":[{"href":"https:\/\/christineax.de\/index.php?rest_route=\/wp\/v2\/types\/page"}],"author":[{"embeddable":true,"href":"https:\/\/christineax.de\/index.php?rest_route=\/wp\/v2\/users\/1"}],"replies":[{"embeddable":true,"href":"https:\/\/christineax.de\/index.php?rest_route=%2Fwp%2Fv2%2Fcomments&post=70"}],"version-history":[{"count":7,"href":"https:\/\/christineax.de\/index.php?rest_route=\/wp\/v2\/pages\/70\/revisions"}],"predecessor-version":[{"id":139,"href":"https:\/\/christineax.de\/index.php?rest_route=\/wp\/v2\/pages\/70\/revisions\/139"}],"wp:attachment":[{"href":"https:\/\/christineax.de\/index.php?rest_route=%2Fwp%2Fv2%2Fmedia&parent=70"}],"curies":[{"name":"wp","href":"https:\/\/api.w.org\/{rel}","templated":true}]}}