{"id":68,"date":"2024-05-20T10:34:30","date_gmt":"2024-05-20T10:34:30","guid":{"rendered":"https:\/\/christineax.de\/?page_id=68"},"modified":"2024-05-20T14:58:30","modified_gmt":"2024-05-20T14:58:30","slug":"reparatur","status":"publish","type":"page","link":"https:\/\/christineax.de\/?page_id=68","title":{"rendered":"Reparatur"},"content":{"rendered":"\n<h2 class=\"wp-block-heading\">Wie kaum ein anderes Thema hat mich die Reparatur als  praktischer Widerstand gegen den Wahn-Sinn unserer Wegwerf- und Konsumgesellschaft besch\u00e4ftigt. <\/h2>\n\n\n\n<p>Seit den 90er Jahren habe ich mit meinen Schriften und Vortr\u00e4gen die Bedeutung der Reparatur als wesentliches Element einer nachhaltigen Wirtschaft und Gesellschaft hervorgehoben. In meinem Buch &#8222;Das Handwerk der Zukunft &#8211; Leitbilder f\u00fcr Nachhaltiges Wirtschaften&#8220; (1997) widmet sich das Kapitel &#8222;Reparieren statt Wegwerfen&#8220; diesem wichtigen Thema. <\/p>\n\n\n\n<p>Das sind die Gr\u00fcnde: <\/p>\n\n\n\n<p>### 1. **Wertsch\u00e4tzung und Verl\u00e4ngerung der Lebensdauer**<\/p>\n\n\n\n<p>Reparatur verl\u00e4ngert die Lebensdauer von Produkten. Das senkt den Bedarf an neuen Ressourcen und verringert die Abfallmengen, die auf Deponien landet. Durch Reparaturen wird die Wertsch\u00e4tzung f\u00fcr Produkte erh\u00f6ht, da sie l\u00e4nger genutzt werden k\u00f6nnen. Reparatur ist eine der wichtigsten M\u00f6glichkeiten um die Materialintensit\u00e4t pro Serviceeinheiten, die Produkte uns zu Verf\u00fcgung stellen k\u00f6nnen, zu senken. <\/p>\n\n\n\n<p>### 2. **F\u00f6rderung von Handwerk und lokalen F\u00e4higkeiten**<\/p>\n\n\n\n<p>Reparatur ist eng mit handwerklichen F\u00e4higkeiten verbunden. Ich habe daher immer betont, dass das Wiederbeleben und die F\u00f6rderung von Reparaturf\u00e4higkeiten sowohl zur Erhaltung traditioneller handwerklicher Techniken als auch zur Schaffung von Arbeitspl\u00e4tzen in lokalen Gemeinschaften beitragen kann.<\/p>\n\n\n\n<p>### 3. **Nachhaltige Konsumkultur**<\/p>\n\n\n\n<p>Die Reparatur ist eine Gegenbewegung zur Wegwerfgesellschaft. Reparieren ist gelebter \u00f6kologischer Widerstand. wenn Produkte repariert und wiederverwendet werden, statt sie wegzuwerfen und neue zu kaufen, f\u00f6rdert dies das Handwerk des Gebrauchs, und nachhaltigen Konsum. Die Reparatur steht in einem starken Gegensatz zum derzeit vorherrschenden Modell des st\u00e4ndigen Neukaufs und der weit verbreiteten Wegwerfmentalit\u00e4t.<\/p>\n\n\n\n<p>### 4. **\u00d6kologische Vorteile**<\/p>\n\n\n\n<p>Die Reparatur von Produkten tr\u00e4gt zur Verringerung des \u00f6kologischen Fu\u00dfabdrucks bei. Weniger Produktion neuer Waren bedeutet weniger Verbrauch von Ressourcen und Energie sowie eine Reduktion von Emissionen und Umweltverschmutzung, die mit der Herstellung und Entsorgung verbunden sind.<\/p>\n\n\n\n<p>### 5. **Reparaturinitiativen und -caf\u00e9s**<\/p>\n\n\n\n<p>Ich habe, wo immer m\u00f6glich, die Bedeutung von Initiativen wie Reparaturcaf\u00e9s betont, in denen Menschen zusammenkommen k\u00f6nnen, um ihre kaputten Gegenst\u00e4nde zu reparieren. Diese Gemeinschaftsprojekte f\u00f6rdern den Austausch von Wissen und F\u00e4higkeiten und st\u00e4rken das Bewusstsein f\u00fcr Nachhaltigkeit in der Gesellschaft.<\/p>\n\n\n\n<p>### 6. **Politische und wirtschaftliche Implikationen**<\/p>\n\n\n\n<p>Ich habe seit den 90er Jahren auf die Notwendigkeit hingewiesen, politische Rahmenbedingungen zu schaffen, die Reparatur f\u00f6rdern. Dazu geh\u00f6ren beispielsweise Gesetze, die den Zugang zu Ersatzteilen und Reparaturanleitungen sichern, sowie wirtschaftliche Anreize f\u00fcr Unternehmen, langlebige und reparierbare Produkte zu designen.<\/p>\n\n\n\n<p>### 7. **Reparatur als Teil der Kreislaufwirtschaft**<\/p>\n\n\n\n<p>In meinen Ausf\u00fchrungen zur Kreislaufwirtschaft betone ich schon seit den 90er Jahren, dass Reparatur ein wichtiger Bestandteil dieses Wirtschaftsmodells ist. In einer Kreislaufwirtschaft werden Produkte und Materialien so lange wie m\u00f6glich genutzt, repariert, wiederverwendet und recycelt, um den Kreislauf zu schlie\u00dfen und Abfall zu minimieren.<\/p>\n\n\n\n<p>### Zusammenfassung<\/p>\n\n\n\n<p>Ich sehe in der Reparatur einen zentralen Baustein f\u00fcr eine nachhaltige Wirtschaft und Gesellschaft. Sie hebt die \u00f6kologischen, sozialen und \u00f6konomischen Vorteile der Reparatur hervor und betont, wie wichtig es ist, eine Kultur des Reparierens zu f\u00f6rdern. Deshalb k\u00e4mpfe ich f\u00fcr politische Ma\u00dfnahmen und wirtschaftliche Anreize, die die Reparatur unterst\u00fctzen und die Lebensdauer von Produkten verl\u00e4ngern, um so eine nachhaltigere Zukunft zu schaffen.<\/p>\n\n\n\n<p>2022 wurde mir daher f\u00fcr mein langj\u00e4hriges theoretisches und praktisches Engagement f\u00fcr die Reparatur <a href=\"https:\/\/runder-tisch-reparatur.de\/\">vom Runden Tisch Reparatur<\/a> der goldene Schraubenzieher verliehen. <\/p>\n\n\n\n<h3 class=\"wp-block-heading\">Der \u201eGoldene Schraubenzieher\u201c<\/h3>\n\n\n\n<p>Der \u201eGoldene Schraubenzieher\u201c ist eine Auszeichnung, die besondere Leistungen im Handwerk und im Bereich der nachhaltigen Innovation anerkennt. <\/p>\n\n\n\n<ul>\n<li><strong>Ziel der Auszeichnung<\/strong>: Der \u201eGoldene Schraubenzieher\u201c w\u00fcrdigt Projekte und Pers\u00f6nlichkeiten, die durch ihre Arbeit im Handwerk oder in der nachhaltigen Produktion herausragende Beitr\u00e4ge geleistet haben.<\/li>\n\n\n\n<li><strong>Kriterien<\/strong>: Die Auszeichnung ber\u00fccksichtigt verschiedene Kriterien, darunter Innovation, Nachhaltigkeit, handwerkliche Qualit\u00e4t und gesellschaftlicher Mehrwert.<\/li>\n\n\n\n<li><strong>Veranstalter<\/strong>: Der Preis wird oft von Handwerksorganisationen, Nachhaltigkeitsinitiativen oder Stiftungen vergeben, die das Ziel haben, nachhaltige und handwerkliche Exzellenz zu f\u00f6rdern.<\/li>\n<\/ul>\n\n\n\n<h3 class=\"wp-block-heading\">Bedeutung und Einfluss<\/h3>\n\n\n\n<p>Die Verleihung des \u201eGoldenen Schraubenziehers\u201c hat eine wichtige Signalwirkung f\u00fcr das Handwerk und die nachhaltige Wirtschaft. Sie zeigt, dass handwerkliche F\u00e4higkeiten und nachhaltige Innovationen eine zentrale Rolle in der modernen Wirtschaft spielen k\u00f6nnen. Durch die Anerkennung solcher Leistungen wird auch das Bewusstsein f\u00fcr die Bedeutung von Nachhaltigkeit und handwerklicher Qualit\u00e4t in der Gesellschaft gest\u00e4rkt.<\/p>\n","protected":false},"excerpt":{"rendered":"<p>Wie kaum ein anderes Thema hat mich die Reparatur als praktischer Widerstand gegen den Wahn-Sinn unserer Wegwerf- und Konsumgesellschaft besch\u00e4ftigt. Seit den 90er Jahren habe ich mit meinen Schriften und Vortr\u00e4gen die Bedeutung der Reparatur als wesentliches Element einer nachhaltigen Wirtschaft und Gesellschaft hervorgehoben. In meinem Buch &#8222;Das Handwerk der Zukunft &#8211; Leitbilder f\u00fcr Nachhaltiges [&hellip;]<\/p>\n","protected":false},"author":1,"featured_media":0,"parent":0,"menu_order":0,"comment_status":"closed","ping_status":"closed","template":"","meta":{"footnotes":""},"_links":{"self":[{"href":"https:\/\/christineax.de\/index.php?rest_route=\/wp\/v2\/pages\/68"}],"collection":[{"href":"https:\/\/christineax.de\/index.php?rest_route=\/wp\/v2\/pages"}],"about":[{"href":"https:\/\/christineax.de\/index.php?rest_route=\/wp\/v2\/types\/page"}],"author":[{"embeddable":true,"href":"https:\/\/christineax.de\/index.php?rest_route=\/wp\/v2\/users\/1"}],"replies":[{"embeddable":true,"href":"https:\/\/christineax.de\/index.php?rest_route=%2Fwp%2Fv2%2Fcomments&post=68"}],"version-history":[{"count":5,"href":"https:\/\/christineax.de\/index.php?rest_route=\/wp\/v2\/pages\/68\/revisions"}],"predecessor-version":[{"id":92,"href":"https:\/\/christineax.de\/index.php?rest_route=\/wp\/v2\/pages\/68\/revisions\/92"}],"wp:attachment":[{"href":"https:\/\/christineax.de\/index.php?rest_route=%2Fwp%2Fv2%2Fmedia&parent=68"}],"curies":[{"name":"wp","href":"https:\/\/api.w.org\/{rel}","templated":true}]}}