{"id":34,"date":"2024-02-05T08:36:36","date_gmt":"2024-02-05T08:36:36","guid":{"rendered":"https:\/\/christineax.de\/?page_id=34"},"modified":"2025-12-17T09:09:07","modified_gmt":"2025-12-17T09:09:07","slug":"publikationen","status":"publish","type":"page","link":"https:\/\/christineax.de\/?page_id=34","title":{"rendered":"Publikationen"},"content":{"rendered":"\n<p><strong>B\u00fccher: <\/strong><\/p>\n\n\n\n<p>Wachstum in den Grenzen der Natur. Damit w\u00e4chst, was wachsen darf und wachsen soll. 50 Seiten,  ISBN: 978940385285, 24bookprint: Hier geht es zur Bestellung: <a href=\"https:\/\/shop.24bookprint.com\/de-DE\/book\/22030991\/wachstum-in-den-grenzen-der-natur\/PB\">https:\/\/shop.24bookprint.com\/de-DE\/book\/22030991\/wachstum-in-den-grenzen-der-natur\/PB<\/a><\/p>\n\n\n\n<p>Christine Ax, Friedrich Hinterberger, Wachstumswahn. Was uns in die Krise gef\u00fchrt hat und wie wir wieder herauskommen.&nbsp; 360 Seiten, M\u00fcnchen, 2013<\/p>\n\n\n\n<p>Christine Ax, Die K\u00f6nnensgesellschaft, Mit guter Arbeit aus der Krise. 230 Seiten. Berlin 2009<\/p>\n\n\n\n<p>Christine Ax,&nbsp; Das Handwerk der Zukunft, Leitbilder f\u00fcr nachhaltiges Wirtschaften, Basel, Boston, Berlin 1997, 260 Seiten<\/p>\n\n\n\n<p>Christine Ax, Reise ins Land der untergehenden Sonne, Japans Weg in die Postwachstumsgesellschaft, Edition ZEITPUNKT ISBN 978-3-9523955-1-6<\/p>\n\n\n\n<p><strong><strong>Scientific Articles, Essays<\/strong><\/strong><\/p>\n\n\n\n<p>C. Ax: Arbeit &#8211; gut f\u00fcrs Leben, In: Netzwerk Vorsorgendes Wirtschaften (Hg.), Wege Vorsorgenden Wirtschaftens, Metropolis Verlag 2013<\/p>\n\n\n\n<p>Netzwerk Vorsorgendes Wirtschaften (Hg.)<br>Wege Vorsorgenden Wirtschaftens<br>414 Seiten \u2022 29,00 EUR \u2022 ISBN 978-3-89518-971-5<br>S 297 \u2013 311<\/p>\n\n\n\n<p>Christine Ax, Bildung f\u00fcrs Leben, In: Postwachstumsgesellschaft, Konzepte f\u00fcr die Zukunft, Hg. von Angelika Zahrnt und Irmi Seidl, Metropolis Verlag 2010 S. 77 &#8211;&nbsp; 85 ISBN 978-3-89518-811-4<\/p>\n\n\n\n<p>Georg Cramer und Klaus M\u00fcller (Hrsg). Quo vadis Handwerk? Identit\u00e4t des Handwerks im Wandel, G\u00f6ttinger Handwerksstudien 82 ISBN 978-3-86944-034-7 S. 193-201 <br><\/p>\n\n\n\n<p>Nachhaltigkeit im Handwerk<br>Herausgeber:&nbsp; Kilian Bizer, Volkswirtschaftliches Institut f\u00fcr Mittelstand und Handwerk an der Universit\u00e4t G\u00f6ttingen&nbsp;Autor:&nbsp; Kilian Bizer, Katarzyna Haverkamp, Stephan Hensel, Ch. Ax, Kora Kristof, Frank Maa\u00df, Marina Hoffmann, Holger Rohn, Justus von Geibler und Lukas Kr\u00fcger, S. 67-93&nbsp;ISBN:&nbsp; 978-3-86944-091-0&nbsp;<\/p>\n\n\n\n<p><strong>C. Ax: Arbeit &#8211; gut f\u00fcrs Leben, In: Netzwerk Vorsorgendes Wirtschaften (Hg.), Wege Vorsorgenden Wirtschaftens, Metropolis Verlag 2013<\/strong><\/p>\n\n\n\n<p>C. Ax: Wo die Hand werkt, wird es menschlich, In: Zeitpunkt 115, S. 6-9 &nbsp;2012<\/p>\n\n\n\n<p><strong>Christine Ax, Der M\u00fche Wert, In: Weleda Magazin Oktober 2010<\/strong><\/p>\n\n\n\n<p>C.Ax: Katalogbeitrag zur Sonder-Dauerausstellung zum Thema &#8222;Arbeit&#8220; f\u00fcr das Technische Museum Wien, 2012<\/p>\n\n\n\n<p>Christine Ax, Bildung f\u00fcrs Leben, In: Postwachstumsgesellschaft, Konzepte f\u00fcr die Zukunft, Hg. von Angelika Zahrnt und Irmi Seidl, Metropolis Verlag 2010<\/p>\n\n\n\n<p>Christine Ax, Arbeit f\u00fcr ein Konzept vom &#8222;guten Leben&#8220;, In: Jahrbuch \u00d6kologie 2010, Hg. von G. Altner, H. Leitschuh, G. Michelsen, U. Simonis und E.U. v. Weizs\u00e4cker, S. 201 &#8211; 208, Hirzel Verlag<\/p>\n\n\n\n<p>Christine Ax, Gute Arbeit, gutes Leben, gute Zukunft \u2013 Handwerk zwischen Utopie und Wirklichkeit, In: Werkspuren 2\/2009, Nummer 114, Z\u00fcrich 2009,&nbsp; S. 08 \u201316<\/p>\n\n\n\n<p>Christine Ax, Handwerk zwischen Utopie und Wirklichkeit, in: Food for Thought, Hg: Forum Umweltbildung Wien 2009<\/p>\n\n\n\n<p>Christine Ax, Werte sichern Zukunft \u2013 Pl\u00e4doyer f\u00fcr ein nachhaltiges Selbstverst\u00e4ndnis von Handwerk, In: Zentralverband des Deutschen Handwerks (Hg.), Strategien f\u00fcr ein Zukunftsf\u00e4higes Handwerk, S. 10 \u2013 20, Bertelsmannstiftung 2006<\/p>\n\n\n\n<p>Das Handwerk der Zukunft, In: Landschaft des Wissens (Hg), Strategien des Handwerks, Sieben Portraits au\u00dfergew\u00f6hnlicher Projekte in Europa, Kooperationsmodelle f\u00fcr eine \u00d6konomie der N\u00e4he,&nbsp; Hauptverlag, Bern, Stuttgart, Wien, 2005<\/p>\n\n\n\n<p>Christine Ax, Lebenswelten \u00d6konomie, Sozio\u00f6konomische und soziokulturelle Aspekte, In:&nbsp; ReUse-Computer, Ein Beitrag zur Entschleunigung der \u00d6konomie, Oekom Verlag, M\u00fcnchen 2005<\/p>\n\n\n\n<p>Hrsg. Kulturgut e.V., Christine Ax, Wiederverwendung von Computern \u2013 Chancen und Grenzen regionaler Reuse-Strategien am Beispiel Hamburg, ISBN Nummer 393 7231 65 x, Rhombos Verlag 2004<\/p>\n\n\n\n<p>Christine Ax,&nbsp; In: ZDH, BMBF Fertigung im Netzwerk. Handwerk als Hersteller kundenindividueller Produkte, \u00d6kom Verlag, M\u00fcnchen 2003<\/p>\n\n\n\n<p>Ax, Christine, Die Region wird, wof\u00fcr sie sich h\u00e4lt, In: Thomas Kluge\/Engelbrecht Schramm (Hrsg.): Aktivierung durch N\u00e4he, \u00f6kom Verlag M\u00fcnchen 2003, S. 30-41<\/p>\n\n\n\n<p>Ax, Christine (2002) A Region is Getting for which it Thinks to Be, in: Thomas&nbsp;&nbsp;&nbsp;&nbsp; Kluge\/Engelbert Schramm (eds.); Regional Approaches for sustainable Economy: Potential and Limits, Social Ecology Materials ISSN 1617-3120<\/p>\n\n\n\n<p>Christine Ax, Slow consumption for sustainable jobs, the exemple of hand-crafted shoes, In: Sustainable Solutions, Developing Products and Services for the Future, Martin Charter, Ursula Tischner (Ed.), Greenleaf Publishing Ltd, ISBN 18747 19365<\/p>\n\n\n\n<p>Christine Ax, Hamburger M\u00f6belmacher: Von Tischlern, K\u00fcnstlern und Unternehmern, In: Art Customization, New Arts and Crafts mit computergesteuerten Werkzeugen, S. 38-49, Hrsg. Hochschule f\u00fcr Gestaltung Offenbach\/Main 2001<\/p>\n\n\n\n<p>Christine Ax, NeWET: Network of reuse of electronical devices and their parts &#8211; final report of the preliminary investigation; NeWET: Netzwerk &#8222;Weiter- und Wiederverwendung von Elektroger\u00e4ten und ihren Teilen\u201c; Hg: \u200eTechnische Universit\u00e4t Cottbus Lehrstuhl Neuwertwirtschaft, Cottbus 2001<\/p>\n\n\n\n<p>Christine Ax, Umweltgerechtes Wirtschaften und l\u00e4ndlicher Arbeitsmarkt \u2013 Rahmenbedingungen und Besch\u00e4ftigungspotentiale, in: Umweltbundesamt (Hg), Umweltschutz und Besch\u00e4ftigung in l\u00e4ndlichen R\u00e4umen, Texte 48\/99 ISSN 0722-186X<\/p>\n\n\n\n<p>In: P. Klemmer, F. Hinterberger: \u00d6koeffiziente Dienstleistungen, Dokumentation einer Workshopreihe zur Intensivierung der Branchenkommunikation, Basel, Boston, Berlin, 1999<\/p>\n\n\n\n<p>Christine Ax, (Hg), Werkstatt f\u00fcr Nachhaltigkeit &#8211; Handwerk als Schl\u00fcssel f\u00fcr eine zukunftsf\u00e4hige Wirtschaft, \u201ePolitische \u00d6kologie, Jg. 15, Sonderheft 9, 1998<\/p>\n\n\n\n<p>Christine Ax, &#8222;Dienstleistungen statt Produkte \u2013 Neue M\u00e4rkte f\u00fcr das Handwerk&#8220;, in: H.-J. Bullinger (Hrsg.): &#8222;Dienstleistungen f\u00fcr das 21. Jahrhundert. Gestaltung des Wandels und Aufbruch in die Zukunft&#8220;, Stutt\u00adgart 1997, S. 557 \u2013 586<\/p>\n\n\n\n<p>H.U. Klose\/Christine Ax (Hg): Das Handwerk der Zukunft in einer alternden Gesellschaft, Reihe &#8222;Demographie und Politik&#8220;, Bonn 1998<\/p>\n\n\n\n<p>Christine Ax, \u00dcber das Zuviel und Zuwenig der Massenproduktion, Pl\u00e4doyer f\u00fcr eine handwerkliche \u00c4sthetik der Nachhaltigkeit, In: Unternehmensgr\u00fcn (Hg), Von der Vision zur Praxis, Nachhaltiges Wirtschaften als Perspektive von Unternehmen, S. 113-125, \u00d6kom-Verlag, M\u00fcnchen 1997<\/p>\n\n\n\n<p>Christine Ax, Wochenmarkt statt Weltmarkt, Ma\u00dfproduktion statt Massenproduktion. Die Bedeutung des Handwerks f\u00fcr den AGENDA-21 Proze\u00df am Beispiel Hamburg, In: Birzer, Feindt, Spindler (Hg), Nachhaltige Stadtentwicklung, Konzepte und Projekte, Economica Verlag, Bonn 1997, S. 154 &#8211; 164.<\/p>\n\n\n\n<p>Christine Ax, Agenda 21: Hamburgs m\u00fchsamer Weg ins 21. Jahrhundert, In: Germanwatch (Hg), Lokal Handeln, Global Denken, Hamburg, 1996, S. 42 &#8211; 55<\/p>\n\n\n\n<p>W. Marahrens, Christine Ax, G. Buck (Hg), Stadt und Umwelt, Aspekte einer europ\u00e4ischen Stadtpolitik, Basel, Boston, Berlin 1991<\/p>\n\n\n\n<p><strong>Research Contracts<\/strong><\/p>\n\n\n\n<p>CAD-Einsatz im Bauhandwerk<\/p>\n\n\n\n<p>Auftraggeber BMBF, DLR, Programm: Humanisierung der Arbeitswelt<\/p>\n\n\n\n<p>Zukunft des Handwerks in Mecklenburg-Vorpommern<\/p>\n\n\n\n<p>Auftrag des Wirtschaftsministeriums Schwerin<\/p>\n\n\n\n<p>Ma\u00dfproduktion statt Massenproduktion I und II<\/p>\n\n\n\n<p>Auftraggeber: BMBF, DLR<\/p>\n\n\n\n<p>Demographischer Wandel, Chancen und Risiken f\u00fcr das Handwerk<\/p>\n\n\n\n<p>Auftraggeber BMBF, DLR<\/p>\n\n\n\n<p>Produktion im Netzwerk, Netzwerkintegrierte Ma\u00dfschuhfertigung<\/p>\n\n\n\n<p>Auftraggber BMBF,Programm: Forschung f\u00fcr die Produktion von Morgen<\/p>\n\n\n\n<p>Produktionsplattform f\u00fcr Ma\u00dfbekleidung (Mynet),Auftraggeber: Universit\u00e4t Bremen Forschungsvorhaben im Auftrag des BMBF Programm: Forschung f\u00fcr die Produktion von Morgen<\/p>\n\n\n\n<p>ReUse \u2013 Aufbau regionaler Netzwerke f\u00fcr die Wieder- und Weiterverwendung von Computern; Auftraggeber Universit\u00e4t Berlin, Forschungsvorhaben im Auftrag des BMBF <br>Programm: Nachhaltige Nutzungsstrategien<\/p>\n\n\n\n<p>NeWET \u2013 Weiter und Wiederverwendung von Elektroger\u00e4ten und  ihren Teilen \u2013 ein Forschungsvorhaben mit dem Handwerk Forschungsvorhaben im Auftrag des BMBF<\/p>\n\n\n\n<p><strong>Lectures done<\/strong><\/p>\n\n\n\n<p>Universit\u00e4t Bremen<\/p>\n\n\n\n<p>Hochschule f\u00fcr Gestaltung Offenbach<\/p>\n","protected":false},"excerpt":{"rendered":"<p>B\u00fccher: Wachstum in den Grenzen der Natur. Damit w\u00e4chst, was wachsen darf und wachsen soll. 50 Seiten, ISBN: 978940385285, 24bookprint: Hier geht es zur Bestellung: https:\/\/shop.24bookprint.com\/de-DE\/book\/22030991\/wachstum-in-den-grenzen-der-natur\/PB Christine Ax, Friedrich Hinterberger, Wachstumswahn. Was uns in die Krise gef\u00fchrt hat und wie wir wieder herauskommen.&nbsp; 360 Seiten, M\u00fcnchen, 2013 Christine Ax, Die K\u00f6nnensgesellschaft, Mit guter Arbeit aus [&hellip;]<\/p>\n","protected":false},"author":1,"featured_media":0,"parent":0,"menu_order":0,"comment_status":"closed","ping_status":"closed","template":"","meta":{"footnotes":""},"_links":{"self":[{"href":"https:\/\/christineax.de\/index.php?rest_route=\/wp\/v2\/pages\/34"}],"collection":[{"href":"https:\/\/christineax.de\/index.php?rest_route=\/wp\/v2\/pages"}],"about":[{"href":"https:\/\/christineax.de\/index.php?rest_route=\/wp\/v2\/types\/page"}],"author":[{"embeddable":true,"href":"https:\/\/christineax.de\/index.php?rest_route=\/wp\/v2\/users\/1"}],"replies":[{"embeddable":true,"href":"https:\/\/christineax.de\/index.php?rest_route=%2Fwp%2Fv2%2Fcomments&post=34"}],"version-history":[{"count":5,"href":"https:\/\/christineax.de\/index.php?rest_route=\/wp\/v2\/pages\/34\/revisions"}],"predecessor-version":[{"id":186,"href":"https:\/\/christineax.de\/index.php?rest_route=\/wp\/v2\/pages\/34\/revisions\/186"}],"wp:attachment":[{"href":"https:\/\/christineax.de\/index.php?rest_route=%2Fwp%2Fv2%2Fmedia&parent=34"}],"curies":[{"name":"wp","href":"https:\/\/api.w.org\/{rel}","templated":true}]}}